{"id":811,"date":"2022-06-14T06:24:37","date_gmt":"2022-06-14T06:24:37","guid":{"rendered":"https:\/\/festivalesdeloscastillos.es\/2023\/?page_id=811"},"modified":"2023-08-29T20:09:43","modified_gmt":"2023-08-29T20:09:43","slug":"prensa","status":"publish","type":"page","link":"https:\/\/festivalesdeloscastillos.es\/2023\/prensa\/","title":{"rendered":"Prensa"},"content":{"rendered":"<p>[vc_row css_animation=\u00bb\u00bb row_type=\u00bbrow\u00bb use_row_as_full_screen_section=\u00bbno\u00bb type=\u00bbgrid\u00bb angled_section=\u00bbno\u00bb text_align=\u00bbleft\u00bb background_image_as_pattern=\u00bbwithout_pattern\u00bb z_index=\u00bb\u00bb css=\u00bb.vc_custom_1690374515291{padding-top: 120px !important;padding-right: 10% !important;padding-bottom: 100px !important;padding-left: 10% !important;background-color: rgba(226,226,199,0.9) !important;background-position: 0 0 !important;background-repeat: repeat !important;*background-color: rgb(226,226,199) !important;}\u00bb][vc_column width=\u00bb1\/2&#8243; css=\u00bb.vc_custom_1655187176384{padding-right: 4% !important;padding-left: 6% !important;}\u00bb][vc_column_text]<\/p>\n<h3><span style=\"color: #333333;\">Dossier de Prensa 2023<\/span><\/h3>\n<p>[\/vc_column_text][vc_empty_space height=\u00bb50px\u00bb][vc_column_text]<\/p>\n<h4><span style=\"color: #333333;\">Desc\u00e1rgate aqu\u00ed el dossier completo de esta \u00ab<strong>edici\u00f3n 2023&#8243;<\/strong> de Festivales de los Castillos con i<\/span><span style=\"color: #333333;\">nformaci\u00f3n detallada de artistas, biograf\u00edas, historia, localidades\u2026 <\/span><\/h4>\n<p>&nbsp;<\/p>\n<h4><span style=\"color: #333333;\">En caso de necesitar alguna informaci\u00f3n extra, material\u2026 puedes contactarnos en este formulario para prensa.<\/span><\/h4>\n<p>[\/vc_column_text][vc_empty_space height=\u00bb60px\u00bb]<a  itemprop=\"url\" href=\"https:\/\/festivalesdeloscastillos.es\/2023\/wp-content\/uploads\/2023\/08\/CASTILLOS-Dossier-de-Prensa-23.pdf.pdf\" target=\"_blank\" data-hover-background-color='#6b6b6b' data-hover-border-color='#6b6b6b' data-hover-color='#f4f4f4' class=\"qbutton  big_large center default\" style=\"color: #383838; border-color: #6b6b6b; background-color: rgba(0,0,0,0.01);\">DESCARGAR DOSSIER DE PRENSA<i class=\"qode_icon_font_awesome_5 fa5 fa fa-download qode_button_icon_element\" style=\"color: #383838;\" ><\/i><\/a>[vc_empty_space height=\u00bb60px\u00bb][vc_single_image image=\u00bb421&#8243; img_size=\u00bb\u00bb qode_css_animation=\u00bb\u00bb][\/vc_column][vc_column width=\u00bb1\/2&#8243; css=\u00bb.vc_custom_1655187166562{padding-right: 10% !important;padding-left: 2% !important;}\u00bb][vc_column_text]<\/p>\n<h3><span style=\"color: #333333;\">Contacto Prensa<\/span><\/h3>\n<p>[\/vc_column_text][vc_empty_space height=\u00bb30px\u00bb]\n<div class=\"wpcf7 no-js\" id=\"wpcf7-f799-o1\" lang=\"en-US\" dir=\"ltr\">\n<div class=\"screen-reader-response\"><p role=\"status\" aria-live=\"polite\" aria-atomic=\"true\"><\/p> <ul><\/ul><\/div>\n<form action=\"\/2023\/wp-json\/wp\/v2\/pages\/811#wpcf7-f799-o1\" method=\"post\" class=\"wpcf7-form init cf7_custom_style_1\" aria-label=\"Contact form\" novalidate=\"novalidate\" data-status=\"init\">\n<div style=\"display: none;\">\n<input type=\"hidden\" name=\"_wpcf7\" value=\"799\" \/>\n<input type=\"hidden\" name=\"_wpcf7_version\" value=\"5.9.4\" \/>\n<input type=\"hidden\" name=\"_wpcf7_locale\" value=\"en_US\" \/>\n<input type=\"hidden\" name=\"_wpcf7_unit_tag\" value=\"wpcf7-f799-o1\" \/>\n<input type=\"hidden\" name=\"_wpcf7_container_post\" value=\"0\" \/>\n<input type=\"hidden\" name=\"_wpcf7_posted_data_hash\" value=\"\" \/>\n<input type=\"hidden\" name=\"_wpcf7_recaptcha_response\" value=\"\" \/>\n<\/div>\n<label> Nombre y Apellidos \n    <span class=\"wpcf7-form-control-wrap\" data-name=\"your-name\"><input size=\"40\" class=\"wpcf7-form-control wpcf7-text wpcf7-validates-as-required\" aria-required=\"true\" aria-invalid=\"false\" placeholder=\"Escribe tu nombre\" value=\"\" type=\"text\" name=\"your-name\" \/><\/span> <\/label>\n\n<label> Medio de Prensa\n    <span class=\"wpcf7-form-control-wrap\" data-name=\"your-medio\"><input size=\"40\" class=\"wpcf7-form-control wpcf7-text wpcf7-validates-as-required\" aria-required=\"true\" aria-invalid=\"false\" placeholder=\"Empresa\/Medio\/\u2026\" value=\"\" type=\"text\" name=\"your-medio\" \/><\/span> <\/label>\n\n<label> E-mail \n    <span class=\"wpcf7-form-control-wrap\" data-name=\"your-email\"><input size=\"40\" class=\"wpcf7-form-control wpcf7-email wpcf7-validates-as-required wpcf7-text wpcf7-validates-as-email\" aria-required=\"true\" aria-invalid=\"false\" placeholder=\"Escribe tu e-mail\" value=\"\" type=\"email\" name=\"your-email\" \/><\/span> <\/label>\n\n<label> Tel\/M\u00f3vil \n    <span class=\"wpcf7-form-control-wrap\" data-name=\"your-movil\"><input size=\"40\" class=\"wpcf7-form-control wpcf7-text wpcf7-validates-as-required\" aria-required=\"true\" aria-invalid=\"false\" placeholder=\"Escribe tu m\u00f3vil\" value=\"\" type=\"text\" name=\"your-movil\" \/><\/span> <\/label>\n\n<label> Mensaje\n    <span class=\"wpcf7-form-control-wrap\" data-name=\"your-message\"><textarea cols=\"40\" rows=\"10\" class=\"wpcf7-form-control wpcf7-textarea\" aria-invalid=\"false\" placeholder=\"Escribe tu consulta\" name=\"your-message\"><\/textarea><\/span> <\/label>\n\n<label>\n<span class=\"wpcf7-form-control-wrap\" data-name=\"aceptar-cookies\"><span class=\"wpcf7-form-control wpcf7-acceptance\"><span class=\"wpcf7-list-item\"><input type=\"checkbox\" name=\"aceptar-cookies\" value=\"1\" aria-invalid=\"false\" \/><\/span><\/span><\/span> Acepto la pol\u00edtica de privacidad y gesti\u00f3n de datos<\/label>\n<br>\n<br>\n<span class=\"wpcf7-form-control-wrap recaptcha\" data-name=\"recaptcha\"><span data-sitekey=\"6LcHknMgAAAAAPTxI2JCEX96q6xcssOre3bLskdf\" class=\"wpcf7-form-control wpcf7-recaptcha g-recaptcha\"><\/span>\n<noscript>\n\t<div class=\"grecaptcha-noscript\">\n\t\t<iframe src=\"https:\/\/www.google.com\/recaptcha\/api\/fallback?k=6LcHknMgAAAAAPTxI2JCEX96q6xcssOre3bLskdf\" frameborder=\"0\" scrolling=\"no\" width=\"310\" height=\"430\">\n\t\t<\/iframe>\n\t\t<textarea name=\"g-recaptcha-response\" rows=\"3\" cols=\"40\" placeholder=\"reCaptcha Response Here\">\n\t\t<\/textarea>\n\t<\/div>\n<\/noscript>\n<\/span>\n<br>\n<input class=\"wpcf7-form-control wpcf7-submit has-spinner\" type=\"submit\" value=\"ENVIAR\" \/><p style=\"display: none !important;\" class=\"akismet-fields-container\" data-prefix=\"_wpcf7_ak_\"><label>&#916;<textarea name=\"_wpcf7_ak_hp_textarea\" cols=\"45\" rows=\"8\" maxlength=\"100\"><\/textarea><\/label><input type=\"hidden\" id=\"ak_js_1\" name=\"_wpcf7_ak_js\" value=\"71\"\/><script>document.getElementById( \"ak_js_1\" ).setAttribute( \"value\", ( new Date() ).getTime() );<\/script><\/p><div class=\"wpcf7-response-output\" aria-hidden=\"true\"><\/div>\n<\/form>\n<\/div>\n[\/vc_column][\/vc_row][vc_row css_animation=\u00bb\u00bb row_type=\u00bbrow\u00bb use_row_as_full_screen_section=\u00bbno\u00bb type=\u00bbfull_width\u00bb angled_section=\u00bbno\u00bb text_align=\u00bbleft\u00bb background_image_as_pattern=\u00bbwithout_pattern\u00bb css=\u00bb.vc_custom_1654852502448{border-top-width: 2% !important;padding-top: 5% !important;padding-right: 10% !important;padding-bottom: 5% !important;padding-left: 10% !important;background-color: #3a3a3a !important;}\u00bb z_index=\u00bb\u00bb][vc_column width=\u00bb2\/4&#8243;][vc_column_text]<\/p>\n<h3><span style=\"color: #eae7da;\">Compra de abonos y entradas en:<\/span><\/h3>\n<p>[\/vc_column_text][\/vc_column][vc_column width=\u00bb1\/4&#8243;]<a  itemprop=\"url\" href=\"https:\/\/festivalesdeloscastillos.es\/2023\/contacto\" target=\"_blank\" data-hover-background-color='#eae7da' data-hover-border-color='#f9f9f9' data-hover-color='#443e3e' class=\"qbutton  large center default\" style=\"color: #eae7da; border-color: #eae7da; background-color: rgba(0,0,0,0.01);\">ARAG\u00d3N TICKETS<i class=\"qode_icon_font_awesome_5 fa5 fa fa-ticket qode_button_icon_element\" style=\"color: #eae7da;\" ><\/i><\/a>[\/vc_column][vc_column width=\u00bb1\/4&#8243;]<a  itemprop=\"url\" href=\"https:\/\/entradas.ibercaja.es\/eventos\/\" target=\"_blank\" data-hover-background-color='#eae7da' data-hover-border-color='#f9f9f9' data-hover-color='#443e3e' class=\"qbutton  large center default\" style=\"color: #eae7da; border-color: #eae7da; background-color: rgba(0,0,0,0.01);\">ENTRADAS IBERCAJA<i class=\"qode_icon_font_awesome_5 fa5 fa fa-ticket qode_button_icon_element\" style=\"color: #eae7da;\" ><\/i><\/a>[\/vc_column][\/vc_row]<\/p>\n","protected":false},"excerpt":{"rendered":"<p>[vc_row css_animation=\u00bb\u00bb row_type=\u00bbrow\u00bb use_row_as_full_screen_section=\u00bbno\u00bb type=\u00bbgrid\u00bb angled_section=\u00bbno\u00bb text_align=\u00bbleft\u00bb background_image_as_pattern=\u00bbwithout_pattern\u00bb z_index=\u00bb\u00bb css=\u00bb.vc_custom_1690374515291{padding-top: 120px !important;padding-right: 10% !important;padding-bottom: 100px !important;padding-left: 10% !important;background-color: rgba(226,226,199,0.9) !important;background-position: 0 0 !important;background-repeat: repeat !important;*background-color: rgb(226,226,199) !important;}\u00bb][vc_column width=\u00bb1\/2&#8243; css=\u00bb.vc_custom_1655187176384{padding-right: 4% !important;padding-left: 6% !important;}\u00bb][vc_column_text] Dossier de Prensa 2023 [\/vc_column_text][vc_empty_space height=\u00bb50px\u00bb][vc_column_text] Desc\u00e1rgate aqu\u00ed el dossier completo de&#8230;<\/p>\n","protected":false},"author":1,"featured_media":0,"parent":0,"menu_order":0,"comment_status":"closed","ping_status":"closed","template":"full_width.php","meta":{"footnotes":""},"yoast_head":"<!-- This site is optimized with the Yoast SEO plugin v22.7 - https:\/\/yoast.com\/wordpress\/plugins\/seo\/ -->\n<title>Prensa - Festivales de los Castillos<\/title>\n<meta name=\"description\" content=\"Secci\u00f3n de Prensa de Festivales de los castillos con fotograf\u00edas, videos e informaci\u00f3n completa en el Dossier de Prensa 2023.\" \/>\n<meta name=\"robots\" content=\"index, follow, max-snippet:-1, max-image-preview:large, max-video-preview:-1\" \/>\n<link rel=\"canonical\" href=\"https:\/\/festivalesdeloscastillos.es\/2023\/prensa\/\" \/>\n<meta property=\"og:locale\" content=\"es_ES\" \/>\n<meta property=\"og:type\" content=\"article\" \/>\n<meta property=\"og:title\" content=\"Prensa - Festivales de los Castillos\" \/>\n<meta property=\"og:description\" content=\"Secci\u00f3n de Prensa de Festivales de los castillos con fotograf\u00edas, videos e informaci\u00f3n completa en el Dossier de Prensa 2023.\" \/>\n<meta property=\"og:url\" content=\"https:\/\/festivalesdeloscastillos.es\/2023\/prensa\/\" \/>\n<meta property=\"og:site_name\" content=\"Festivales de los Castillos\" \/>\n<meta property=\"article:modified_time\" content=\"2023-08-29T20:09:43+00:00\" \/>\n<meta name=\"twitter:card\" content=\"summary_large_image\" \/>\n<meta name=\"twitter:label1\" content=\"Tiempo de lectura\" \/>\n\t<meta name=\"twitter:data1\" content=\"1 minuto\" \/>\n<script type=\"application\/ld+json\" class=\"yoast-schema-graph\">{\"@context\":\"https:\/\/schema.org\",\"@graph\":[{\"@type\":\"WebPage\",\"@id\":\"https:\/\/festivalesdeloscastillos.es\/2023\/prensa\/\",\"url\":\"https:\/\/festivalesdeloscastillos.es\/2023\/prensa\/\",\"name\":\"Prensa - Festivales de los Castillos\",\"isPartOf\":{\"@id\":\"https:\/\/festivalesdeloscastillos.es\/2023\/#website\"},\"datePublished\":\"2022-06-14T06:24:37+00:00\",\"dateModified\":\"2023-08-29T20:09:43+00:00\",\"description\":\"Secci\u00f3n de Prensa de Festivales de los castillos con fotograf\u00edas, videos e informaci\u00f3n completa en el Dossier de Prensa 2023.\",\"inLanguage\":\"es\",\"potentialAction\":[{\"@type\":\"ReadAction\",\"target\":[\"https:\/\/festivalesdeloscastillos.es\/2023\/prensa\/\"]}]},{\"@type\":\"WebSite\",\"@id\":\"https:\/\/festivalesdeloscastillos.es\/2023\/#website\",\"url\":\"https:\/\/festivalesdeloscastillos.es\/2023\/\",\"name\":\"Festivales de los Castillos\",\"description\":\"Festivales de los Castillos: artes esc\u00e9nicas y la m\u00fasica\",\"potentialAction\":[{\"@type\":\"SearchAction\",\"target\":{\"@type\":\"EntryPoint\",\"urlTemplate\":\"https:\/\/festivalesdeloscastillos.es\/2023\/?s={search_term_string}\"},\"query-input\":\"required name=search_term_string\"}],\"inLanguage\":\"es\"}]}<\/script>\n<!-- \/ Yoast SEO plugin. -->","yoast_head_json":{"title":"Prensa - Festivales de los Castillos","description":"Secci\u00f3n de Prensa de Festivales de los castillos con fotograf\u00edas, videos e informaci\u00f3n completa en el Dossier de Prensa 2023.","robots":{"index":"index","follow":"follow","max-snippet":"max-snippet:-1","max-image-preview":"max-image-preview:large","max-video-preview":"max-video-preview:-1"},"canonical":"https:\/\/festivalesdeloscastillos.es\/2023\/prensa\/","og_locale":"es_ES","og_type":"article","og_title":"Prensa - Festivales de los Castillos","og_description":"Secci\u00f3n de Prensa de Festivales de los castillos con fotograf\u00edas, videos e informaci\u00f3n completa en el Dossier de Prensa 2023.","og_url":"https:\/\/festivalesdeloscastillos.es\/2023\/prensa\/","og_site_name":"Festivales de los Castillos","article_modified_time":"2023-08-29T20:09:43+00:00","twitter_card":"summary_large_image","twitter_misc":{"Tiempo de lectura":"1 minuto"},"schema":{"@context":"https:\/\/schema.org","@graph":[{"@type":"WebPage","@id":"https:\/\/festivalesdeloscastillos.es\/2023\/prensa\/","url":"https:\/\/festivalesdeloscastillos.es\/2023\/prensa\/","name":"Prensa - Festivales de los Castillos","isPartOf":{"@id":"https:\/\/festivalesdeloscastillos.es\/2023\/#website"},"datePublished":"2022-06-14T06:24:37+00:00","dateModified":"2023-08-29T20:09:43+00:00","description":"Secci\u00f3n de Prensa de Festivales de los castillos con fotograf\u00edas, videos e informaci\u00f3n completa en el Dossier de Prensa 2023.","inLanguage":"es","potentialAction":[{"@type":"ReadAction","target":["https:\/\/festivalesdeloscastillos.es\/2023\/prensa\/"]}]},{"@type":"WebSite","@id":"https:\/\/festivalesdeloscastillos.es\/2023\/#website","url":"https:\/\/festivalesdeloscastillos.es\/2023\/","name":"Festivales de los Castillos","description":"Festivales de los Castillos: artes esc\u00e9nicas y la m\u00fasica","potentialAction":[{"@type":"SearchAction","target":{"@type":"EntryPoint","urlTemplate":"https:\/\/festivalesdeloscastillos.es\/2023\/?s={search_term_string}"},"query-input":"required name=search_term_string"}],"inLanguage":"es"}]}},"jetpack_sharing_enabled":true,"_links":{"self":[{"href":"https:\/\/festivalesdeloscastillos.es\/2023\/wp-json\/wp\/v2\/pages\/811"}],"collection":[{"href":"https:\/\/festivalesdeloscastillos.es\/2023\/wp-json\/wp\/v2\/pages"}],"about":[{"href":"https:\/\/festivalesdeloscastillos.es\/2023\/wp-json\/wp\/v2\/types\/page"}],"author":[{"embeddable":true,"href":"https:\/\/festivalesdeloscastillos.es\/2023\/wp-json\/wp\/v2\/users\/1"}],"replies":[{"embeddable":true,"href":"https:\/\/festivalesdeloscastillos.es\/2023\/wp-json\/wp\/v2\/comments?post=811"}],"version-history":[{"count":15,"href":"https:\/\/festivalesdeloscastillos.es\/2023\/wp-json\/wp\/v2\/pages\/811\/revisions"}],"predecessor-version":[{"id":1486,"href":"https:\/\/festivalesdeloscastillos.es\/2023\/wp-json\/wp\/v2\/pages\/811\/revisions\/1486"}],"wp:attachment":[{"href":"https:\/\/festivalesdeloscastillos.es\/2023\/wp-json\/wp\/v2\/media?parent=811"}],"curies":[{"name":"wp","href":"https:\/\/api.w.org\/{rel}","templated":true}]}}